{"id":1487,"date":"2023-11-03T17:52:37","date_gmt":"2023-11-03T16:52:37","guid":{"rendered":"https:\/\/bildungsweg-zentrum.de\/?page_id=1487"},"modified":"2023-11-14T01:17:30","modified_gmt":"2023-11-14T00:17:30","slug":"zahlungsbedingungen","status":"publish","type":"page","link":"https:\/\/bildungsweg-zentrum.de\/en\/zahlungsbedingungen\/","title":{"rendered":"Terms of payment\u00a0"},"content":{"rendered":"\t\t<div data-elementor-type=\"wp-page\" data-elementor-id=\"1487\" class=\"elementor elementor-1487\" data-elementor-post-type=\"page\">\n\t\t\t\t\t\t<section class=\"elementor-section elementor-top-section elementor-element elementor-element-d6aa760 elementor-section-boxed elementor-section-height-default elementor-section-height-default\" data-id=\"d6aa760\" data-element_type=\"section\">\n\t\t\t\t\t\t<div class=\"elementor-container elementor-column-gap-default\">\n\t\t\t\t\t<div class=\"elementor-column elementor-col-100 elementor-top-column elementor-element elementor-element-4b33f7\" data-id=\"4b33f7\" data-element_type=\"column\">\n\t\t\t<div class=\"elementor-widget-wrap elementor-element-populated\">\n\t\t\t\t\t\t<div class=\"elementor-element elementor-element-9f26a78 de_scroll_animation_no elementor-widget elementor-widget-heading\" data-id=\"9f26a78\" data-element_type=\"widget\" data-widget_type=\"heading.default\">\n\t\t\t\t<div class=\"elementor-widget-container\">\n\t\t\t<style>\/*! elementor - v3.21.0 - 26-05-2024 *\/\n.elementor-heading-title{padding:0;margin:0;line-height:1}.elementor-widget-heading .elementor-heading-title[class*=elementor-size-]>a{color:inherit;font-size:inherit;line-height:inherit}.elementor-widget-heading .elementor-heading-title.elementor-size-small{font-size:15px}.elementor-widget-heading .elementor-heading-title.elementor-size-medium{font-size:19px}.elementor-widget-heading .elementor-heading-title.elementor-size-large{font-size:29px}.elementor-widget-heading .elementor-heading-title.elementor-size-xl{font-size:39px}.elementor-widget-heading .elementor-heading-title.elementor-size-xxl{font-size:59px}<\/style><h2 class=\"elementor-heading-title elementor-size-default\">Zahlungsbedingungen\nBZ-Bildungsweg Zentrum, D\u00fcsseldorf<\/h2>\t\t<\/div>\n\t\t\t\t<\/div>\n\t\t\t\t<div class=\"elementor-element elementor-element-5a2347b6 de_scroll_animation_no elementor-widget elementor-widget-text-editor\" data-id=\"5a2347b6\" data-element_type=\"widget\" data-widget_type=\"text-editor.default\">\n\t\t\t\t<div class=\"elementor-widget-container\">\n\t\t\t<style>\/*! elementor - v3.21.0 - 26-05-2024 *\/\n.elementor-widget-text-editor.elementor-drop-cap-view-stacked .elementor-drop-cap{background-color:#69727d;color:#fff}.elementor-widget-text-editor.elementor-drop-cap-view-framed .elementor-drop-cap{color:#69727d;border:3px solid;background-color:transparent}.elementor-widget-text-editor:not(.elementor-drop-cap-view-default) .elementor-drop-cap{margin-top:8px}.elementor-widget-text-editor:not(.elementor-drop-cap-view-default) .elementor-drop-cap-letter{width:1em;height:1em}.elementor-widget-text-editor .elementor-drop-cap{float:left;text-align:center;line-height:1;font-size:50px}.elementor-widget-text-editor .elementor-drop-cap-letter{display:inline-block}<\/style>\t\t\t\t<h4>Zahlung<\/h4><p style=\"font-weight: 400;\">Die Zahlungspflicht besteht unabh\u00e4ngig von Ihrer Anwesenheit. Die vereinbarten Zahlungen sind auch bei Unterbrechung oder Fehlzeiten zu leisten.<\/p><p style=\"font-weight: 400;\">Jede \u00c4nderung Ihrer Buchung (z.B. Kurs verschieben) kostet 80.- \u20ac. Nach Kursbeginn kann der Kurs nicht mehr verschoben werden.<\/p><h4>Stornierung<\/h4><p style=\"font-weight: 400;\">(1) Ein R\u00fccktritt, eine Stornierung oder Kursverschiebung ist nur durch schriftliche Erkl\u00e4rung m\u00f6glich.<\/p><p>(2) Soweit vom Kursteilnehmer kein Ersatzteilnehmer gestellt wird, der den Vertrag \u00fcbernimmt, gelten die folgenden Stornierungsbedingungen:<\/p><p>&#8211; Bei R\u00fccktritt bis 4 Kalenderwochen vor Kursbeginn sind 50% einer Monatsgeb\u00fchr (bzw. der gezahlten Geb\u00fchr) als Stornierungsgeb\u00fchr f\u00e4llig.<\/p><p>&#8211; Bei R\u00fccktritt innerhalb der letzten 28 Kalendertage vor Kursbeginn sind 100% einer Monatsgeb\u00fchr (bzw. der gezahlten Geb\u00fchr) als Stornierungsgeb\u00fchr f\u00e4llig.<\/p><p>&#8211; Nach Kursbeginn ist eine Stornierung des Kurses nicht mehr m\u00f6glich, Kursgeb\u00fchren werden nicht erstattet.<\/p><h4>Kurs<\/h4><p style=\"font-weight: 400;\">Falls ein Dozent ausf\u00e4llt, wird eine Ersatzlehrkraft beauftragt und\/oder ausgefallener Unterricht nachgeholt.<\/p><p style=\"font-weight: 400;\">In den Kursgeb\u00fchren sind die Kursteilnahme, die Korrektur und Kommentierung von Aufgaben und Tests, die fachliche Betreuung enthalten. Auf Wunsch erhalten Sie kostenlos eine Teilnahmebescheinigung.<\/p><p style=\"font-weight: 400;\">Alle von den Teilnehmern erhobenen pers\u00f6nlichen Daten werden entsprechend den datenschutzrechtlichen Bestimmungen behandelt.<\/p><h4>Bankverbindung<\/h4><p style=\"font-weight: 400;\"><strong>Commerzbank:<\/strong> BZ- Bildungsweg Zentrum UG (haftungsbeschr\u00e4nkt)<\/p><p style=\"font-weight: 400;\"><strong>IBAN:<\/strong> DE67 3104 0015 0155 0599 00<\/p><p style=\"font-weight: 400;\"><strong>BIC:<\/strong> COBADEFFXXX<\/p><p><span style=\"font-weight: 400;\"><strong>Konto-Nr:<\/strong> 155059900 &#8211; <\/span><b>BLZ<\/b>: 31040015<\/p><h4>Zahlung \u00fcber PayPal<\/h4><p>Zahlungen \u00fcber PayPal bitte an die Adresse <strong>kontakt@bildungsweg-zentrum.de\u00a0<\/strong>senden.<\/p>\t\t\t\t\t\t<\/div>\n\t\t\t\t<\/div>\n\t\t\t\t\t<\/div>\n\t\t<\/div>\n\t\t\t\t\t<\/div>\n\t\t<\/section>\n\t\t\t\t<\/div>\n\t\t","protected":false},"excerpt":{"rendered":"<p>Zahlungsbedingungen BZ-Bildungsweg Zentrum, D\u00fcsseldorf Zahlung Die Zahlungspflicht besteht unabh\u00e4ngig von Ihrer Anwesenheit. Die vereinbarten Zahlungen sind auch bei Unterbrechung oder Fehlzeiten zu leisten. Jede \u00c4nderung Ihrer Buchung (z.B. Kurs verschieben) kostet 80.- \u20ac. Nach Kursbeginn kann der Kurs nicht mehr verschoben werden. Stornierung (1) Ein R\u00fccktritt, eine Stornierung oder Kursverschiebung ist nur durch schriftliche Erkl\u00e4rung [&hellip;]<\/p>\n","protected":false},"author":1,"featured_media":0,"parent":0,"menu_order":0,"comment_status":"closed","ping_status":"closed","template":"","meta":{"footnotes":""},"class_list":["post-1487","page","type-page","status-publish","hentry"],"yoast_head":"<!-- This site is optimized with the Yoast SEO plugin v27.0 - https:\/\/yoast.com\/product\/yoast-seo-wordpress\/ -->\n<title>Zahlungsbedingungen\u00a0 - BZ-Bildungsweg Zentrum D\u00fcsseldorf<\/title>\n<meta name=\"robots\" content=\"index, follow, max-snippet:-1, max-image-preview:large, max-video-preview:-1\" \/>\n<link rel=\"canonical\" href=\"https:\/\/bildungsweg-zentrum.de\/en\/zahlungsbedingungen\/\" \/>\n<meta property=\"og:locale\" content=\"en_GB\" \/>\n<meta property=\"og:type\" content=\"article\" \/>\n<meta property=\"og:title\" content=\"Zahlungsbedingungen\u00a0 - BZ-Bildungsweg Zentrum D\u00fcsseldorf\" \/>\n<meta property=\"og:description\" content=\"Zahlungsbedingungen BZ-Bildungsweg Zentrum, D\u00fcsseldorf Zahlung Die Zahlungspflicht besteht unabh\u00e4ngig von Ihrer Anwesenheit. Die vereinbarten Zahlungen sind auch bei Unterbrechung oder Fehlzeiten zu leisten. Jede \u00c4nderung Ihrer Buchung (z.B. Kurs verschieben) kostet 80.- \u20ac. Nach Kursbeginn kann der Kurs nicht mehr verschoben werden. Stornierung (1) Ein R\u00fccktritt, eine Stornierung oder Kursverschiebung ist nur durch schriftliche Erkl\u00e4rung [&hellip;]\" \/>\n<meta property=\"og:url\" content=\"https:\/\/bildungsweg-zentrum.de\/en\/zahlungsbedingungen\/\" \/>\n<meta property=\"og:site_name\" content=\"BZ-Bildungsweg Zentrum D\u00fcsseldorf\" \/>\n<meta property=\"article:modified_time\" content=\"2023-11-14T00:17:30+00:00\" \/>\n<meta name=\"twitter:card\" content=\"summary_large_image\" \/>\n<meta name=\"twitter:label1\" content=\"Est. reading time\" \/>\n\t<meta name=\"twitter:data1\" content=\"1 minute\" \/>\n<script type=\"application\/ld+json\" class=\"yoast-schema-graph\">{\"@context\":\"https:\/\/schema.org\",\"@graph\":[{\"@type\":\"WebPage\",\"@id\":\"https:\/\/bildungsweg-zentrum.de\/zahlungsbedingungen\/\",\"url\":\"https:\/\/bildungsweg-zentrum.de\/zahlungsbedingungen\/\",\"name\":\"Zahlungsbedingungen\u00a0 - BZ-Bildungsweg Zentrum D\u00fcsseldorf\",\"isPartOf\":{\"@id\":\"https:\/\/bildungsweg-zentrum.de\/#website\"},\"datePublished\":\"2023-11-03T16:52:37+00:00\",\"dateModified\":\"2023-11-14T00:17:30+00:00\",\"breadcrumb\":{\"@id\":\"https:\/\/bildungsweg-zentrum.de\/zahlungsbedingungen\/#breadcrumb\"},\"inLanguage\":\"en-GB\",\"potentialAction\":[{\"@type\":\"ReadAction\",\"target\":[\"https:\/\/bildungsweg-zentrum.de\/zahlungsbedingungen\/\"]}]},{\"@type\":\"BreadcrumbList\",\"@id\":\"https:\/\/bildungsweg-zentrum.de\/zahlungsbedingungen\/#breadcrumb\",\"itemListElement\":[{\"@type\":\"ListItem\",\"position\":1,\"name\":\"Startseite\",\"item\":\"https:\/\/bildungsweg-zentrum.de\/\"},{\"@type\":\"ListItem\",\"position\":2,\"name\":\"Zahlungsbedingungen\u00a0\"}]},{\"@type\":\"WebSite\",\"@id\":\"https:\/\/bildungsweg-zentrum.de\/#website\",\"url\":\"https:\/\/bildungsweg-zentrum.de\/\",\"name\":\"BZ-Bildungsweg Zentrum D\u00fcsseldorf\",\"description\":\"Bildungszentrum &amp; Sprachschule\",\"publisher\":{\"@id\":\"https:\/\/bildungsweg-zentrum.de\/#organization\"},\"potentialAction\":[{\"@type\":\"SearchAction\",\"target\":{\"@type\":\"EntryPoint\",\"urlTemplate\":\"https:\/\/bildungsweg-zentrum.de\/?s={search_term_string}\"},\"query-input\":{\"@type\":\"PropertyValueSpecification\",\"valueRequired\":true,\"valueName\":\"search_term_string\"}}],\"inLanguage\":\"en-GB\"},{\"@type\":\"Organization\",\"@id\":\"https:\/\/bildungsweg-zentrum.de\/#organization\",\"name\":\"BZ-Bildungsweg Zentrum D\u00fcsseldorf\",\"url\":\"https:\/\/bildungsweg-zentrum.de\/\",\"logo\":{\"@type\":\"ImageObject\",\"inLanguage\":\"en-GB\",\"@id\":\"https:\/\/bildungsweg-zentrum.de\/#\/schema\/logo\/image\/\",\"url\":\"https:\/\/bildungsweg-zentrum.de\/wp-content\/uploads\/2023\/08\/23.06.30_Bildungsweg-Zentrum_Logo-scaled.jpg\",\"contentUrl\":\"https:\/\/bildungsweg-zentrum.de\/wp-content\/uploads\/2023\/08\/23.06.30_Bildungsweg-Zentrum_Logo-scaled.jpg\",\"width\":2560,\"height\":1440,\"caption\":\"BZ-Bildungsweg Zentrum D\u00fcsseldorf\"},\"image\":{\"@id\":\"https:\/\/bildungsweg-zentrum.de\/#\/schema\/logo\/image\/\"}}]}<\/script>\n<!-- \/ Yoast SEO plugin. -->","yoast_head_json":{"title":"Zahlungsbedingungen\u00a0 - BZ-Bildungsweg Zentrum D\u00fcsseldorf","robots":{"index":"index","follow":"follow","max-snippet":"max-snippet:-1","max-image-preview":"max-image-preview:large","max-video-preview":"max-video-preview:-1"},"canonical":"https:\/\/bildungsweg-zentrum.de\/en\/zahlungsbedingungen\/","og_locale":"en_GB","og_type":"article","og_title":"Zahlungsbedingungen\u00a0 - BZ-Bildungsweg Zentrum D\u00fcsseldorf","og_description":"Zahlungsbedingungen BZ-Bildungsweg Zentrum, D\u00fcsseldorf Zahlung Die Zahlungspflicht besteht unabh\u00e4ngig von Ihrer Anwesenheit. Die vereinbarten Zahlungen sind auch bei Unterbrechung oder Fehlzeiten zu leisten. Jede \u00c4nderung Ihrer Buchung (z.B. Kurs verschieben) kostet 80.- \u20ac. Nach Kursbeginn kann der Kurs nicht mehr verschoben werden. Stornierung (1) Ein R\u00fccktritt, eine Stornierung oder Kursverschiebung ist nur durch schriftliche Erkl\u00e4rung [&hellip;]","og_url":"https:\/\/bildungsweg-zentrum.de\/en\/zahlungsbedingungen\/","og_site_name":"BZ-Bildungsweg Zentrum D\u00fcsseldorf","article_modified_time":"2023-11-14T00:17:30+00:00","twitter_card":"summary_large_image","twitter_misc":{"Est. reading time":"1 minute"},"schema":{"@context":"https:\/\/schema.org","@graph":[{"@type":"WebPage","@id":"https:\/\/bildungsweg-zentrum.de\/zahlungsbedingungen\/","url":"https:\/\/bildungsweg-zentrum.de\/zahlungsbedingungen\/","name":"Zahlungsbedingungen\u00a0 - BZ-Bildungsweg Zentrum D\u00fcsseldorf","isPartOf":{"@id":"https:\/\/bildungsweg-zentrum.de\/#website"},"datePublished":"2023-11-03T16:52:37+00:00","dateModified":"2023-11-14T00:17:30+00:00","breadcrumb":{"@id":"https:\/\/bildungsweg-zentrum.de\/zahlungsbedingungen\/#breadcrumb"},"inLanguage":"en-GB","potentialAction":[{"@type":"ReadAction","target":["https:\/\/bildungsweg-zentrum.de\/zahlungsbedingungen\/"]}]},{"@type":"BreadcrumbList","@id":"https:\/\/bildungsweg-zentrum.de\/zahlungsbedingungen\/#breadcrumb","itemListElement":[{"@type":"ListItem","position":1,"name":"Startseite","item":"https:\/\/bildungsweg-zentrum.de\/"},{"@type":"ListItem","position":2,"name":"Zahlungsbedingungen\u00a0"}]},{"@type":"WebSite","@id":"https:\/\/bildungsweg-zentrum.de\/#website","url":"https:\/\/bildungsweg-zentrum.de\/","name":"BZ-Bildungsweg Zentrum D\u00fcsseldorf","description":"Bildungszentrum &amp; Sprachschule","publisher":{"@id":"https:\/\/bildungsweg-zentrum.de\/#organization"},"potentialAction":[{"@type":"SearchAction","target":{"@type":"EntryPoint","urlTemplate":"https:\/\/bildungsweg-zentrum.de\/?s={search_term_string}"},"query-input":{"@type":"PropertyValueSpecification","valueRequired":true,"valueName":"search_term_string"}}],"inLanguage":"en-GB"},{"@type":"Organization","@id":"https:\/\/bildungsweg-zentrum.de\/#organization","name":"BZ-Bildungsweg Zentrum D\u00fcsseldorf","url":"https:\/\/bildungsweg-zentrum.de\/","logo":{"@type":"ImageObject","inLanguage":"en-GB","@id":"https:\/\/bildungsweg-zentrum.de\/#\/schema\/logo\/image\/","url":"https:\/\/bildungsweg-zentrum.de\/wp-content\/uploads\/2023\/08\/23.06.30_Bildungsweg-Zentrum_Logo-scaled.jpg","contentUrl":"https:\/\/bildungsweg-zentrum.de\/wp-content\/uploads\/2023\/08\/23.06.30_Bildungsweg-Zentrum_Logo-scaled.jpg","width":2560,"height":1440,"caption":"BZ-Bildungsweg Zentrum D\u00fcsseldorf"},"image":{"@id":"https:\/\/bildungsweg-zentrum.de\/#\/schema\/logo\/image\/"}}]}},"_links":{"self":[{"href":"https:\/\/bildungsweg-zentrum.de\/en\/wp-json\/wp\/v2\/pages\/1487","targetHints":{"allow":["GET"]}}],"collection":[{"href":"https:\/\/bildungsweg-zentrum.de\/en\/wp-json\/wp\/v2\/pages"}],"about":[{"href":"https:\/\/bildungsweg-zentrum.de\/en\/wp-json\/wp\/v2\/types\/page"}],"author":[{"embeddable":true,"href":"https:\/\/bildungsweg-zentrum.de\/en\/wp-json\/wp\/v2\/users\/1"}],"replies":[{"embeddable":true,"href":"https:\/\/bildungsweg-zentrum.de\/en\/wp-json\/wp\/v2\/comments?post=1487"}],"version-history":[{"count":10,"href":"https:\/\/bildungsweg-zentrum.de\/en\/wp-json\/wp\/v2\/pages\/1487\/revisions"}],"predecessor-version":[{"id":2303,"href":"https:\/\/bildungsweg-zentrum.de\/en\/wp-json\/wp\/v2\/pages\/1487\/revisions\/2303"}],"wp:attachment":[{"href":"https:\/\/bildungsweg-zentrum.de\/en\/wp-json\/wp\/v2\/media?parent=1487"}],"curies":[{"name":"wp","href":"https:\/\/api.w.org\/{rel}","templated":true}]}}