{"id":1492,"date":"2023-11-03T17:55:34","date_gmt":"2023-11-03T16:55:34","guid":{"rendered":"https:\/\/bildungsweg-zentrum.de\/?page_id=1492"},"modified":"2026-03-01T16:03:32","modified_gmt":"2026-03-01T15:03:32","slug":"impressum","status":"publish","type":"page","link":"https:\/\/bildungsweg-zentrum.de\/en\/impressum\/","title":{"rendered":"Legal notice"},"content":{"rendered":"<div data-elementor-type=\"wp-page\" data-elementor-id=\"1492\" class=\"elementor elementor-1492\" data-elementor-post-type=\"page\">\n\t\t\t\t\t\t<section class=\"elementor-section elementor-top-section elementor-element elementor-element-d6aa760 elementor-section-boxed elementor-section-height-default elementor-section-height-default\" data-id=\"d6aa760\" data-element_type=\"section\">\n\t\t\t\t\t\t<div class=\"elementor-container elementor-column-gap-default\">\n\t\t\t\t\t<div class=\"elementor-column elementor-col-100 elementor-top-column elementor-element elementor-element-4b33f7\" data-id=\"4b33f7\" data-element_type=\"column\">\n\t\t\t<div class=\"elementor-widget-wrap elementor-element-populated\">\n\t\t\t\t\t\t<div class=\"elementor-element elementor-element-5a2347b6 de_scroll_animation_no elementor-widget elementor-widget-text-editor\" data-id=\"5a2347b6\" data-element_type=\"widget\" data-widget_type=\"text-editor.default\">\n\t\t\t\t<div class=\"elementor-widget-container\">\n\t\t\t<style>\/*! elementor - v3.21.0 - 26-05-2024 *\/\n.elementor-widget-text-editor.elementor-drop-cap-view-stacked .elementor-drop-cap{background-color:#69727d;color:#fff}.elementor-widget-text-editor.elementor-drop-cap-view-framed .elementor-drop-cap{color:#69727d;border:3px solid;background-color:transparent}.elementor-widget-text-editor:not(.elementor-drop-cap-view-default) .elementor-drop-cap{margin-top:8px}.elementor-widget-text-editor:not(.elementor-drop-cap-view-default) .elementor-drop-cap-letter{width:1em;height:1em}.elementor-widget-text-editor .elementor-drop-cap{float:left;text-align:center;line-height:1;font-size:50px}.elementor-widget-text-editor .elementor-drop-cap-letter{display:inline-block}<\/style>\t\t\t\t<h1>Legal notice<\/h1><h2>Information according to \u00a7 5 TMG<\/h2><p>BZ-Bildungsweg Centre UG (limited liability)<br \/>Berliner Allee 47<br \/>40212 D\u00fcsseldorf<\/p><p><strong>Represented by:<\/strong><br \/>Mrs Abeer Eshmawi<\/p><h2>Contact<\/h2><p>Telefon: +49 178 6013942<br \/>E-Mail: kontakt@bildungsweg-zentrum.de<\/p><h2>Editorially responsible<\/h2><p>BZ-Bildungsweg Centre UG (limited liability)<br \/>Abeer Eshmawi<br \/>Berliner Allee 47<br \/>40212 D\u00fcsseldorf<\/p><h2>Copyright notice for images<\/h2><p>The images of Mrs Abeer Eshmawi were photographed and provided by:<\/p><p>Jutta Stegers<br \/>Braunsstra\u00dfe 15<br \/>41063 M\u00f6nchengladbach<br \/>Website:<a href=\"https:\/\/www.juttastegers.de\"> https:\/\/www.juttastegers.de<\/a><\/p><h2>Marketing strategy, consulting &amp; content<\/h2><p>Responsible for content and consulting in marketing strategy:<\/p><p>Schmeiser Marketing<br \/>Ute Schmeiser<br \/>Dammer Str. 136 \u2013 138<br \/>41066 M\u00f6nchengladbach<br \/>Website: <a href=\"https:\/\/www.schmeiser-marketing.de\/\">https:\/\/www.schmeiser-marketing.de<\/a><\/p><h2>EU dispute resolution<\/h2><p>The European Commission provides a platform for online dispute resolution (OS): <a href=\"https:\/\/ec.europa.eu\/consumers\/odr\/\" target=\"_blank\" rel=\"noopener noreferrer\">https:\/\/ec.europa.eu\/consumers\/odr\/<\/a>.<br \/>You can find our e-mail address in the legal notice above.<\/p><h2>Consumer dispute resolution\/universal arbitration centre<\/h2><p>We are not ready or obliged to participate in dispute resolution proceedings before a consumer arbitration board.<\/p><p>Source: <a href=\"https:\/\/www.e-recht24.de\/impressum-generator.html\">https:\/\/www.e-recht24.de\/impressum-generator.html<\/a><\/p>\t\t\t\t\t\t<\/div>\n\t\t\t\t<\/div>\n\t\t\t\t\t<\/div>\n\t\t<\/div>\n\t\t\t\t\t<\/div>\n\t\t<\/section>\n\t\t\t\t<\/div>","protected":false},"excerpt":{"rendered":"<p>Impressum Angaben gem\u00e4\u00df \u00a7 5 TMG BZ-Bildungsweg Zentrum UG (haftungsbeschr\u00e4nkt)Berliner Allee 4740212 D\u00fcsseldorf Vertreten durch:Frau Abeer Eshmawi Kontakt Telefon: +49 178 6013942E-Mail: kontakt@bildungsweg-zentrum.de Redaktionell verantwortlich BZ-Bildungsweg Zentrum UG (haftungsbeschr\u00e4nkt)Abeer EshmawiBerliner Allee 4740212 D\u00fcsseldorf Urheberrechtshinweis f\u00fcr Bilder Die Bildaufnahmen von Frau Abeer Eshmawi wurden fotografiert und zur Verf\u00fcgung gestellt von: Jutta StegersBraunsstra\u00dfe 1541063 M\u00f6nchengladbachWebsite: https:\/\/www.juttastegers.de Marketingstrategie, [&hellip;]<\/p>\n","protected":false},"author":1,"featured_media":0,"parent":0,"menu_order":0,"comment_status":"closed","ping_status":"closed","template":"","meta":{"footnotes":""},"class_list":["post-1492","page","type-page","status-publish","hentry"],"yoast_head":"<!-- This site is optimized with the Yoast SEO plugin v27.0 - https:\/\/yoast.com\/product\/yoast-seo-wordpress\/ -->\n<title>Impressum - BZ-Bildungsweg Zentrum D\u00fcsseldorf<\/title>\n<meta name=\"robots\" content=\"index, follow, max-snippet:-1, max-image-preview:large, max-video-preview:-1\" \/>\n<link rel=\"canonical\" href=\"https:\/\/bildungsweg-zentrum.de\/en\/impressum\/\" \/>\n<meta property=\"og:locale\" content=\"en_GB\" \/>\n<meta property=\"og:type\" content=\"article\" \/>\n<meta property=\"og:title\" content=\"Impressum - BZ-Bildungsweg Zentrum D\u00fcsseldorf\" \/>\n<meta property=\"og:description\" content=\"Impressum Angaben gem\u00e4\u00df \u00a7 5 TMG BZ-Bildungsweg Zentrum UG (haftungsbeschr\u00e4nkt)Berliner Allee 4740212 D\u00fcsseldorf Vertreten durch:Frau Abeer Eshmawi Kontakt Telefon: +49 178 6013942E-Mail: kontakt@bildungsweg-zentrum.de Redaktionell verantwortlich BZ-Bildungsweg Zentrum UG (haftungsbeschr\u00e4nkt)Abeer EshmawiBerliner Allee 4740212 D\u00fcsseldorf Urheberrechtshinweis f\u00fcr Bilder Die Bildaufnahmen von Frau Abeer Eshmawi wurden fotografiert und zur Verf\u00fcgung gestellt von: Jutta StegersBraunsstra\u00dfe 1541063 M\u00f6nchengladbachWebsite: https:\/\/www.juttastegers.de Marketingstrategie, [&hellip;]\" \/>\n<meta property=\"og:url\" content=\"https:\/\/bildungsweg-zentrum.de\/en\/impressum\/\" \/>\n<meta property=\"og:site_name\" content=\"BZ-Bildungsweg Zentrum D\u00fcsseldorf\" \/>\n<meta property=\"article:modified_time\" content=\"2026-03-01T15:03:32+00:00\" \/>\n<meta name=\"twitter:card\" content=\"summary_large_image\" \/>\n<meta name=\"twitter:label1\" content=\"Est. reading time\" \/>\n\t<meta name=\"twitter:data1\" content=\"1 minute\" \/>\n<script type=\"application\/ld+json\" class=\"yoast-schema-graph\">{\"@context\":\"https:\/\/schema.org\",\"@graph\":[{\"@type\":\"WebPage\",\"@id\":\"https:\/\/bildungsweg-zentrum.de\/impressum\/\",\"url\":\"https:\/\/bildungsweg-zentrum.de\/impressum\/\",\"name\":\"Impressum - BZ-Bildungsweg Zentrum D\u00fcsseldorf\",\"isPartOf\":{\"@id\":\"https:\/\/bildungsweg-zentrum.de\/#website\"},\"datePublished\":\"2023-11-03T16:55:34+00:00\",\"dateModified\":\"2026-03-01T15:03:32+00:00\",\"breadcrumb\":{\"@id\":\"https:\/\/bildungsweg-zentrum.de\/impressum\/#breadcrumb\"},\"inLanguage\":\"en-GB\",\"potentialAction\":[{\"@type\":\"ReadAction\",\"target\":[\"https:\/\/bildungsweg-zentrum.de\/impressum\/\"]}]},{\"@type\":\"BreadcrumbList\",\"@id\":\"https:\/\/bildungsweg-zentrum.de\/impressum\/#breadcrumb\",\"itemListElement\":[{\"@type\":\"ListItem\",\"position\":1,\"name\":\"Startseite\",\"item\":\"https:\/\/bildungsweg-zentrum.de\/\"},{\"@type\":\"ListItem\",\"position\":2,\"name\":\"Impressum\"}]},{\"@type\":\"WebSite\",\"@id\":\"https:\/\/bildungsweg-zentrum.de\/#website\",\"url\":\"https:\/\/bildungsweg-zentrum.de\/\",\"name\":\"BZ-Bildungsweg Zentrum D\u00fcsseldorf\",\"description\":\"Bildungszentrum &amp; Sprachschule\",\"publisher\":{\"@id\":\"https:\/\/bildungsweg-zentrum.de\/#organization\"},\"potentialAction\":[{\"@type\":\"SearchAction\",\"target\":{\"@type\":\"EntryPoint\",\"urlTemplate\":\"https:\/\/bildungsweg-zentrum.de\/?s={search_term_string}\"},\"query-input\":{\"@type\":\"PropertyValueSpecification\",\"valueRequired\":true,\"valueName\":\"search_term_string\"}}],\"inLanguage\":\"en-GB\"},{\"@type\":\"Organization\",\"@id\":\"https:\/\/bildungsweg-zentrum.de\/#organization\",\"name\":\"BZ-Bildungsweg Zentrum D\u00fcsseldorf\",\"url\":\"https:\/\/bildungsweg-zentrum.de\/\",\"logo\":{\"@type\":\"ImageObject\",\"inLanguage\":\"en-GB\",\"@id\":\"https:\/\/bildungsweg-zentrum.de\/#\/schema\/logo\/image\/\",\"url\":\"https:\/\/bildungsweg-zentrum.de\/wp-content\/uploads\/2023\/08\/23.06.30_Bildungsweg-Zentrum_Logo-scaled.jpg\",\"contentUrl\":\"https:\/\/bildungsweg-zentrum.de\/wp-content\/uploads\/2023\/08\/23.06.30_Bildungsweg-Zentrum_Logo-scaled.jpg\",\"width\":2560,\"height\":1440,\"caption\":\"BZ-Bildungsweg Zentrum D\u00fcsseldorf\"},\"image\":{\"@id\":\"https:\/\/bildungsweg-zentrum.de\/#\/schema\/logo\/image\/\"}}]}<\/script>\n<!-- \/ Yoast SEO plugin. -->","yoast_head_json":{"title":"Impressum - BZ-Bildungsweg Zentrum D\u00fcsseldorf","robots":{"index":"index","follow":"follow","max-snippet":"max-snippet:-1","max-image-preview":"max-image-preview:large","max-video-preview":"max-video-preview:-1"},"canonical":"https:\/\/bildungsweg-zentrum.de\/en\/impressum\/","og_locale":"en_GB","og_type":"article","og_title":"Impressum - BZ-Bildungsweg Zentrum D\u00fcsseldorf","og_description":"Impressum Angaben gem\u00e4\u00df \u00a7 5 TMG BZ-Bildungsweg Zentrum UG (haftungsbeschr\u00e4nkt)Berliner Allee 4740212 D\u00fcsseldorf Vertreten durch:Frau Abeer Eshmawi Kontakt Telefon: +49 178 6013942E-Mail: kontakt@bildungsweg-zentrum.de Redaktionell verantwortlich BZ-Bildungsweg Zentrum UG (haftungsbeschr\u00e4nkt)Abeer EshmawiBerliner Allee 4740212 D\u00fcsseldorf Urheberrechtshinweis f\u00fcr Bilder Die Bildaufnahmen von Frau Abeer Eshmawi wurden fotografiert und zur Verf\u00fcgung gestellt von: Jutta StegersBraunsstra\u00dfe 1541063 M\u00f6nchengladbachWebsite: https:\/\/www.juttastegers.de Marketingstrategie, [&hellip;]","og_url":"https:\/\/bildungsweg-zentrum.de\/en\/impressum\/","og_site_name":"BZ-Bildungsweg Zentrum D\u00fcsseldorf","article_modified_time":"2026-03-01T15:03:32+00:00","twitter_card":"summary_large_image","twitter_misc":{"Est. reading time":"1 minute"},"schema":{"@context":"https:\/\/schema.org","@graph":[{"@type":"WebPage","@id":"https:\/\/bildungsweg-zentrum.de\/impressum\/","url":"https:\/\/bildungsweg-zentrum.de\/impressum\/","name":"Impressum - BZ-Bildungsweg Zentrum D\u00fcsseldorf","isPartOf":{"@id":"https:\/\/bildungsweg-zentrum.de\/#website"},"datePublished":"2023-11-03T16:55:34+00:00","dateModified":"2026-03-01T15:03:32+00:00","breadcrumb":{"@id":"https:\/\/bildungsweg-zentrum.de\/impressum\/#breadcrumb"},"inLanguage":"en-GB","potentialAction":[{"@type":"ReadAction","target":["https:\/\/bildungsweg-zentrum.de\/impressum\/"]}]},{"@type":"BreadcrumbList","@id":"https:\/\/bildungsweg-zentrum.de\/impressum\/#breadcrumb","itemListElement":[{"@type":"ListItem","position":1,"name":"Startseite","item":"https:\/\/bildungsweg-zentrum.de\/"},{"@type":"ListItem","position":2,"name":"Impressum"}]},{"@type":"WebSite","@id":"https:\/\/bildungsweg-zentrum.de\/#website","url":"https:\/\/bildungsweg-zentrum.de\/","name":"BZ-Bildungsweg Zentrum D\u00fcsseldorf","description":"Bildungszentrum &amp; Sprachschule","publisher":{"@id":"https:\/\/bildungsweg-zentrum.de\/#organization"},"potentialAction":[{"@type":"SearchAction","target":{"@type":"EntryPoint","urlTemplate":"https:\/\/bildungsweg-zentrum.de\/?s={search_term_string}"},"query-input":{"@type":"PropertyValueSpecification","valueRequired":true,"valueName":"search_term_string"}}],"inLanguage":"en-GB"},{"@type":"Organization","@id":"https:\/\/bildungsweg-zentrum.de\/#organization","name":"BZ-Bildungsweg Zentrum D\u00fcsseldorf","url":"https:\/\/bildungsweg-zentrum.de\/","logo":{"@type":"ImageObject","inLanguage":"en-GB","@id":"https:\/\/bildungsweg-zentrum.de\/#\/schema\/logo\/image\/","url":"https:\/\/bildungsweg-zentrum.de\/wp-content\/uploads\/2023\/08\/23.06.30_Bildungsweg-Zentrum_Logo-scaled.jpg","contentUrl":"https:\/\/bildungsweg-zentrum.de\/wp-content\/uploads\/2023\/08\/23.06.30_Bildungsweg-Zentrum_Logo-scaled.jpg","width":2560,"height":1440,"caption":"BZ-Bildungsweg Zentrum D\u00fcsseldorf"},"image":{"@id":"https:\/\/bildungsweg-zentrum.de\/#\/schema\/logo\/image\/"}}]}},"_links":{"self":[{"href":"https:\/\/bildungsweg-zentrum.de\/en\/wp-json\/wp\/v2\/pages\/1492","targetHints":{"allow":["GET"]}}],"collection":[{"href":"https:\/\/bildungsweg-zentrum.de\/en\/wp-json\/wp\/v2\/pages"}],"about":[{"href":"https:\/\/bildungsweg-zentrum.de\/en\/wp-json\/wp\/v2\/types\/page"}],"author":[{"embeddable":true,"href":"https:\/\/bildungsweg-zentrum.de\/en\/wp-json\/wp\/v2\/users\/1"}],"replies":[{"embeddable":true,"href":"https:\/\/bildungsweg-zentrum.de\/en\/wp-json\/wp\/v2\/comments?post=1492"}],"version-history":[{"count":7,"href":"https:\/\/bildungsweg-zentrum.de\/en\/wp-json\/wp\/v2\/pages\/1492\/revisions"}],"predecessor-version":[{"id":2706,"href":"https:\/\/bildungsweg-zentrum.de\/en\/wp-json\/wp\/v2\/pages\/1492\/revisions\/2706"}],"wp:attachment":[{"href":"https:\/\/bildungsweg-zentrum.de\/en\/wp-json\/wp\/v2\/media?parent=1492"}],"curies":[{"name":"wp","href":"https:\/\/api.w.org\/{rel}","templated":true}]}}